{"id":1020,"date":"2019-10-30T12:12:12","date_gmt":"2019-10-30T12:12:12","guid":{"rendered":"https:\/\/felipehenriquez.com\/?page_id=1020"},"modified":"2023-03-02T11:31:45","modified_gmt":"2023-03-02T11:31:45","slug":"conferencias","status":"publish","type":"page","link":"https:\/\/www.felipehenriquez.com\/index.php\/conferencias\/","title":{"rendered":"Conferencias y Asesoramiento"},"content":{"rendered":"<p><div class=\"fusion-fullwidth fullwidth-box fusion-builder-row-1 fusion-flex-container has-pattern-background has-mask-background nonhundred-percent-fullwidth non-hundred-percent-height-scrolling\" style=\"--awb-border-radius-top-left:0px;--awb-border-radius-top-right:0px;--awb-border-radius-bottom-right:0px;--awb-border-radius-bottom-left:0px;--awb-flex-wrap:wrap;\" ><div class=\"fusion-builder-row fusion-row fusion-flex-align-items-center fusion-flex-justify-content-center fusion-flex-content-wrap\" style=\"max-width:95.68%;margin-left: calc(-4% \/ 2 );margin-right: calc(-4% \/ 2 );\"><div class=\"fusion-layout-column fusion_builder_column fusion-builder-column-0 fusion_builder_column_1_2 1_2 fusion-flex-column\" style=\"--awb-padding-bottom:1px;--awb-bg-size:cover;--awb-width-large:50%;--awb-margin-top-large:0px;--awb-spacing-right-large:21.888%;--awb-margin-bottom-large:55px;--awb-spacing-left-large:3.84%;--awb-width-medium:100%;--awb-order-medium:0;--awb-spacing-right-medium:1.92%;--awb-spacing-left-medium:1.92%;--awb-width-small:100%;--awb-order-small:0;--awb-spacing-right-small:1.92%;--awb-spacing-left-small:1.92%;\"><div class=\"fusion-column-wrapper fusion-column-has-shadow fusion-flex-justify-content-center fusion-content-layout-column\"><div class=\"fusion-image-element \" style=\"--awb-caption-title-font-family:var(--h2_typography-font-family);--awb-caption-title-font-weight:var(--h2_typography-font-weight);--awb-caption-title-font-style:var(--h2_typography-font-style);--awb-caption-title-size:var(--h2_typography-font-size);--awb-caption-title-transform:var(--h2_typography-text-transform);--awb-caption-title-line-height:var(--h2_typography-line-height);--awb-caption-title-letter-spacing:var(--h2_typography-letter-spacing);\"><span class=\" fusion-imageframe imageframe-none imageframe-1 hover-type-none\"><img decoding=\"async\" width=\"400\" height=\"600\" alt=\"felipe_sobremi\" title=\"felipe_henriquez_1\" src=\"https:\/\/www.felipehenriquez.com\/wp-content\/uploads\/2021\/04\/226B2433-copia.jpg\" data-orig-src=\"https:\/\/www.felipehenriquez.com\/wp-content\/uploads\/2021\/04\/226B2433-copia-400x600.jpg\" class=\"lazyload img-responsive wp-image-2545\" srcset=\"data:image\/svg+xml,%3Csvg%20xmlns%3D%27http%3A%2F%2Fwww.w3.org%2F2000%2Fsvg%27%20width%3D%271280%27%20height%3D%271920%27%20viewBox%3D%270%200%201280%201920%27%3E%3Crect%20width%3D%271280%27%20height%3D%271920%27%20fill-opacity%3D%220%22%2F%3E%3C%2Fsvg%3E\" data-srcset=\"https:\/\/www.felipehenriquez.com\/wp-content\/uploads\/2021\/04\/226B2433-copia-200x300.jpg 200w, https:\/\/www.felipehenriquez.com\/wp-content\/uploads\/2021\/04\/226B2433-copia-400x600.jpg 400w, https:\/\/www.felipehenriquez.com\/wp-content\/uploads\/2021\/04\/226B2433-copia-600x900.jpg 600w, https:\/\/www.felipehenriquez.com\/wp-content\/uploads\/2021\/04\/226B2433-copia-800x1200.jpg 800w, https:\/\/www.felipehenriquez.com\/wp-content\/uploads\/2021\/04\/226B2433-copia-1200x1800.jpg 1200w, https:\/\/www.felipehenriquez.com\/wp-content\/uploads\/2021\/04\/226B2433-copia.jpg 1280w\" data-sizes=\"auto\" data-orig-sizes=\"(max-width: 1024px) 100vw, (max-width: 640px) 100vw, 800px\" \/><\/span><\/div><\/div><\/div><div class=\"fusion-layout-column fusion_builder_column fusion-builder-column-1 fusion_builder_column_1_2 1_2 fusion-flex-column\" style=\"--awb-padding-bottom:33px;--awb-bg-size:cover;--awb-width-large:50%;--awb-margin-top-large:0px;--awb-spacing-right-large:0%;--awb-margin-bottom-large:0px;--awb-spacing-left-large:0%;--awb-width-medium:100%;--awb-order-medium:0;--awb-spacing-right-medium:1.92%;--awb-spacing-left-medium:1.92%;--awb-width-small:100%;--awb-order-small:0;--awb-spacing-right-small:1.92%;--awb-spacing-left-small:1.92%;\"><div class=\"fusion-column-wrapper fusion-column-has-shadow fusion-flex-justify-content-flex-start fusion-content-layout-column\"><div class=\"fusion-text fusion-text-1\"><p style=\"font-size: 22px;\" data-fusion-font=\"true\"><i><span style=\"color: var(--awb-color4);\"><b>Felipe Henr\u00edquez<\/b><\/span><\/i> es considerado uno de los m\u00edsticos contempor\u00e1neos m\u00e1s consolidados y reconocidos por la impecabilidad y honestidad de su trabajo.<\/p>\n<p style=\"font-size: 24px;\" data-fusion-font=\"true\">Por ello, ha recibido numerosas invitaciones para impartir conferencias, algunas de ellas con m\u00e1s de <b>5.000 invitados<\/b>. Junto con su experiencia en el asesoramiento corporativo, ayuda a los profesionales a mejorar la toma de decisiones en coherencia espiritual con el prop\u00f3sito y los valores.<\/p>\n<p style=\"font-size: 24px;\" data-fusion-font=\"true\"><i>Algunos t\u00edtulos de sus conferencias:<\/i><\/p>\n<p style=\"font-size: 22px;\" data-fusion-font=\"true\">\n<ul>\n<li><span style=\"color: var(--awb-text-color); font-family: var(--awb-text-font-family); font-style: var(--awb-text-font-style); letter-spacing: var(--awb-letter-spacing); text-align: var(--awb-content-alignment); text-transform: var(--awb-text-transform); background-color: var(--awb-bg-color);\">Inteligencia intuitiva: c\u00f3mo abordar las dificultades con \u00e9xito<\/span><\/li>\n<li><span style=\"color: var(--awb-text-color); font-family: var(--awb-text-font-family); font-style: var(--awb-text-font-style); letter-spacing: var(--awb-letter-spacing); text-align: var(--awb-content-alignment); text-transform: var(--awb-text-transform); background-color: var(--awb-bg-color);\">Liderazgo trascendente: alinear nuestro prop\u00f3sito con el bienestar emocional y espiritual.<\/span><\/li>\n<\/ul>\n<p style=\"font-size: 22px;\" data-fusion-font=\"true\">C\u00f3mo superar nuestras propias limitaciones y reprogramar nuestra mente para el \u00e9xito \/bienestar.<\/p>\n<p style=\"font-size: 22px;\" data-fusion-font=\"true\">Despierta al <span style=\"color: var(--awb-color4);\"><b><i>sabi@<\/i><\/b><\/span> que llevas dentro.<\/p>\n<\/div><\/div><\/div><\/div><\/div><div class=\"fusion-fullwidth fullwidth-box fusion-builder-row-2 fusion-flex-container has-pattern-background has-mask-background nonhundred-percent-fullwidth non-hundred-percent-height-scrolling\" style=\"--awb-border-radius-top-left:0px;--awb-border-radius-top-right:0px;--awb-border-radius-bottom-right:0px;--awb-border-radius-bottom-left:0px;--awb-flex-wrap:wrap;\" ><div class=\"fusion-builder-row fusion-row fusion-flex-align-items-flex-start fusion-flex-content-wrap\" style=\"max-width:95.68%;margin-left: calc(-4% \/ 2 );margin-right: calc(-4% \/ 2 );\"><div class=\"fusion-layout-column fusion_builder_column fusion-builder-column-2 fusion_builder_column_1_2 1_2 fusion-flex-column\" style=\"--awb-padding-top:124px;--awb-padding-bottom:163px;--awb-bg-size:cover;--awb-width-large:50%;--awb-margin-top-large:0px;--awb-spacing-right-large:0%;--awb-margin-bottom-large:0px;--awb-spacing-left-large:0%;--awb-width-medium:100%;--awb-order-medium:0;--awb-spacing-right-medium:1.92%;--awb-spacing-left-medium:1.92%;--awb-width-small:100%;--awb-order-small:0;--awb-spacing-right-small:1.92%;--awb-spacing-left-small:1.92%;\"><div class=\"fusion-column-wrapper fusion-column-has-shadow fusion-flex-justify-content-flex-start fusion-content-layout-column\"><div class=\"fusion-text fusion-text-2\"><p style=\"font-size: 24px;\" data-fusion-font=\"true\"><i>En sus conferencias consigue:<\/i><\/p>\n<p style=\"font-size: 21px;\" data-fusion-font=\"true\">Aportar claves pr\u00e1cticas para <span style=\"color: var(--awb-color4);\"><i>superar los desaf\u00edos<\/i><\/span> a nivel personal y profesional, a trav\u00e9s del desarrollo de la nuestra inteligencia intuitiva en la toma de decisiones.<\/p>\n<p style=\"font-size: 21px;\" data-fusion-font=\"true\"><i><span style=\"color: var(--awb-color4);\">Identificar<\/span><\/i> los ciclos personales que atravesamos para acelerar la transformaci\u00f3n y proyectarnos hacia el futuro deseado.<\/p>\n<p style=\"font-size: 21px;\" data-fusion-font=\"true\">Entender c\u00f3mo reprogramar y <span style=\"color: var(--awb-color4);\"><i>borrar limitaciones<\/i><\/span> personales, que act\u00faan como frenos en nuestro desarrollo y nuestro \u00e9xito.<\/p>\n<p style=\"font-size: 21px;\" data-fusion-font=\"true\">Identificar los recursos personales, los campos intuitivos y los pactos que inconscientemente realizamos para orientarlos a nuestro bienestar.<\/p>\n<\/div><\/div><\/div><div class=\"fusion-layout-column fusion_builder_column fusion-builder-column-3 fusion_builder_column_1_2 1_2 fusion-flex-column\" style=\"--awb-padding-bottom:3px;--awb-bg-size:cover;--awb-width-large:50%;--awb-margin-top-large:137px;--awb-spacing-right-large:0%;--awb-margin-bottom-large:20px;--awb-spacing-left-large:8.256%;--awb-width-medium:100%;--awb-order-medium:0;--awb-spacing-right-medium:1.92%;--awb-spacing-left-medium:1.92%;--awb-width-small:100%;--awb-order-small:0;--awb-spacing-right-small:1.92%;--awb-spacing-left-small:1.92%;\"><div class=\"fusion-column-wrapper fusion-column-has-shadow fusion-flex-justify-content-flex-start fusion-content-layout-column\"><div class=\"fusion-image-element \" style=\"--awb-caption-title-font-family:var(--h2_typography-font-family);--awb-caption-title-font-weight:var(--h2_typography-font-weight);--awb-caption-title-font-style:var(--h2_typography-font-style);--awb-caption-title-size:var(--h2_typography-font-size);--awb-caption-title-transform:var(--h2_typography-text-transform);--awb-caption-title-line-height:var(--h2_typography-line-height);--awb-caption-title-letter-spacing:var(--h2_typography-letter-spacing);\"><span class=\" fusion-imageframe imageframe-none imageframe-2 hover-type-none\"><img decoding=\"async\" width=\"960\" height=\"720\" title=\"conferencia_wm\" src=\"https:\/\/www.felipehenriquez.com\/wp-content\/uploads\/2023\/03\/conferencia_wm.png\" data-orig-src=\"https:\/\/www.felipehenriquez.com\/wp-content\/uploads\/2023\/03\/conferencia_wm.png\" alt class=\"lazyload img-responsive wp-image-2795\" srcset=\"data:image\/svg+xml,%3Csvg%20xmlns%3D%27http%3A%2F%2Fwww.w3.org%2F2000%2Fsvg%27%20width%3D%27960%27%20height%3D%27720%27%20viewBox%3D%270%200%20960%20720%27%3E%3Crect%20width%3D%27960%27%20height%3D%27720%27%20fill-opacity%3D%220%22%2F%3E%3C%2Fsvg%3E\" data-srcset=\"https:\/\/www.felipehenriquez.com\/wp-content\/uploads\/2023\/03\/conferencia_wm-200x150.png 200w, https:\/\/www.felipehenriquez.com\/wp-content\/uploads\/2023\/03\/conferencia_wm-400x300.png 400w, https:\/\/www.felipehenriquez.com\/wp-content\/uploads\/2023\/03\/conferencia_wm-600x450.png 600w, https:\/\/www.felipehenriquez.com\/wp-content\/uploads\/2023\/03\/conferencia_wm-800x600.png 800w, https:\/\/www.felipehenriquez.com\/wp-content\/uploads\/2023\/03\/conferencia_wm.png 960w\" data-sizes=\"auto\" data-orig-sizes=\"(max-width: 1024px) 100vw, (max-width: 640px) 100vw, 960px\" \/><\/span><\/div><\/div><\/div><\/div><\/div><div class=\"fusion-fullwidth fullwidth-box fusion-builder-row-3 fusion-flex-container has-pattern-background has-mask-background nonhundred-percent-fullwidth non-hundred-percent-height-scrolling\" style=\"--awb-border-radius-top-left:0px;--awb-border-radius-top-right:0px;--awb-border-radius-bottom-right:0px;--awb-border-radius-bottom-left:0px;--awb-flex-wrap:wrap;\" ><div class=\"fusion-builder-row fusion-row fusion-flex-align-items-flex-start fusion-flex-content-wrap\" style=\"max-width:95.68%;margin-left: calc(-4% \/ 2 );margin-right: calc(-4% \/ 2 );\"><div class=\"fusion-layout-column fusion_builder_column fusion-builder-column-4 fusion_builder_column_1_1 1_1 fusion-flex-column\" style=\"--awb-bg-size:cover;--awb-width-large:100%;--awb-margin-top-large:0px;--awb-spacing-right-large:1.92%;--awb-margin-bottom-large:20px;--awb-spacing-left-large:1.92%;--awb-width-medium:100%;--awb-order-medium:0;--awb-spacing-right-medium:1.92%;--awb-spacing-left-medium:1.92%;--awb-width-small:100%;--awb-order-small:0;--awb-spacing-right-small:1.92%;--awb-spacing-left-small:1.92%;\"><div class=\"fusion-column-wrapper fusion-column-has-shadow fusion-flex-justify-content-flex-start fusion-content-layout-column\"><div class=\"fusion-text fusion-text-3\"><p style=\"font-size: 24px; text-align: center;\" data-fusion-font=\"true\"><i>Los asistentes pueden:<\/i><\/p>\n<p style=\"font-size: 24px; text-align: center;\" data-fusion-font=\"true\"><span style=\"color: #4f4f4f; font-size: 21px;\" data-fusion-font=\"true\"><i><span style=\"color: var(--awb-color4); font-size: 24px;\" data-fusion-font=\"true\">Comprender<\/span><\/i><\/span><span style=\"font-size: 21px;\" data-fusion-font=\"true\"> el poder de la inteligencia intuitiva de ellos mismos, para desarrollar recursos personales y superar dificultades.<\/span><\/p>\n<p style=\"font-size: 21px; text-align: center;\" data-fusion-font=\"true\">Ganar una mayor perspectiva de los desaf\u00edos, con el fin de reprogramar viejas creencias, borrar limitaciones y<span style=\"color: var(--awb-color4);\"><i><span style=\"font-size: 24px;\" data-fusion-font=\"true\"> ganar en bienestar emocional y espiritual.<\/span><\/i><\/span><\/p>\n<p style=\"font-size: 21px; text-align: center;\" data-fusion-font=\"true\">Desarrollar un mayor alineamiento emocional y mental, para reducir tensi\u00f3n y ser m\u00e1s creativos a la hora de tomar decisiones.<\/p>\n<p style=\"font-size: 21px; text-align: center;\" data-fusion-font=\"true\">Comprender el poder de los pactos inconscientes que lastran o ayudan y saber c\u00f3mo superarlos o reforzarlos.<\/p>\n<p style=\"font-size: 21px; text-align: center;\" data-fusion-font=\"true\">Identificar las distintas vibraciones en las que se mueven las personas y descubrir t\u00e9cnicas para elevarlas en ellos mismos.<\/p>\n<p style=\"font-size: 21px; text-align: center;\" data-fusion-font=\"true\">Profundizar en el <span style=\"font-size: 23px;\" data-fusion-font=\"true\"><i><span style=\"color: var(--awb-color4);\">prop\u00f3sito personal<\/span><\/i><\/span>, para orientar mejor las decisiones.<\/p>\n<\/div><\/div><\/div><\/div><\/div><div class=\"fusion-fullwidth fullwidth-box fusion-builder-row-4 fusion-flex-container has-pattern-background has-mask-background nonhundred-percent-fullwidth non-hundred-percent-height-scrolling\" style=\"--awb-border-radius-top-left:0px;--awb-border-radius-top-right:0px;--awb-border-radius-bottom-right:0px;--awb-border-radius-bottom-left:0px;--awb-flex-wrap:wrap;\" ><div class=\"fusion-builder-row fusion-row fusion-flex-align-items-flex-start fusion-flex-content-wrap\" style=\"max-width:95.68%;margin-left: calc(-4% \/ 2 );margin-right: calc(-4% \/ 2 );\"><div class=\"fusion-layout-column fusion_builder_column fusion-builder-column-5 fusion_builder_column_1_1 1_1 fusion-flex-column\" style=\"--awb-padding-right:94px;--awb-padding-left:77px;--awb-bg-color:#fef7e9;--awb-bg-color-hover:#fef7e9;--awb-bg-size:cover;--awb-width-large:100%;--awb-margin-top-large:67px;--awb-spacing-right-large:0%;--awb-margin-bottom-large:65px;--awb-spacing-left-large:0%;--awb-width-medium:100%;--awb-order-medium:0;--awb-spacing-right-medium:1.92%;--awb-spacing-left-medium:1.92%;--awb-width-small:100%;--awb-order-small:0;--awb-spacing-right-small:1.92%;--awb-spacing-left-small:1.92%;\"><div class=\"fusion-column-wrapper fusion-column-has-shadow fusion-flex-justify-content-flex-start fusion-content-layout-column\"><div class=\"fusion-text fusion-text-4\"><p style=\"font-size: 24px;\" data-fusion-font=\"true\">\u00a0<\/p>\n<p style=\"font-size: 21px; text-align: center;\" data-fusion-font=\"true\">Si deseas una conferencia o asesoramiento con <span style=\"color: var(--awb-color4);\"><b><i>Felipe Henr\u00edquez<\/i><\/b><\/span>, puedes ponerte en contacto en <a href=\"mailto:info@felipehenriquez.com\">info@felipehenriquez.com<\/a><\/p>\n<\/div><\/div><\/div><\/div><\/div><\/p>\n","protected":false},"excerpt":{"rendered":"","protected":false},"author":1,"featured_media":1915,"parent":0,"menu_order":0,"comment_status":"closed","ping_status":"closed","template":"100-width.php","meta":{"_acf_changed":false,"om_disable_all_campaigns":false,"_monsterinsights_skip_tracking":false,"_monsterinsights_sitenote_active":false,"_monsterinsights_sitenote_note":"","_monsterinsights_sitenote_category":0,"footnotes":""},"class_list":["post-1020","page","type-page","status-publish","has-post-thumbnail","hentry"],"acf":[],"aioseo_notices":[],"_links":{"self":[{"href":"https:\/\/www.felipehenriquez.com\/index.php\/wp-json\/wp\/v2\/pages\/1020","targetHints":{"allow":["GET"]}}],"collection":[{"href":"https:\/\/www.felipehenriquez.com\/index.php\/wp-json\/wp\/v2\/pages"}],"about":[{"href":"https:\/\/www.felipehenriquez.com\/index.php\/wp-json\/wp\/v2\/types\/page"}],"author":[{"embeddable":true,"href":"https:\/\/www.felipehenriquez.com\/index.php\/wp-json\/wp\/v2\/users\/1"}],"replies":[{"embeddable":true,"href":"https:\/\/www.felipehenriquez.com\/index.php\/wp-json\/wp\/v2\/comments?post=1020"}],"version-history":[{"count":9,"href":"https:\/\/www.felipehenriquez.com\/index.php\/wp-json\/wp\/v2\/pages\/1020\/revisions"}],"predecessor-version":[{"id":2796,"href":"https:\/\/www.felipehenriquez.com\/index.php\/wp-json\/wp\/v2\/pages\/1020\/revisions\/2796"}],"wp:featuredmedia":[{"embeddable":true,"href":"https:\/\/www.felipehenriquez.com\/index.php\/wp-json\/wp\/v2\/media\/1915"}],"wp:attachment":[{"href":"https:\/\/www.felipehenriquez.com\/index.php\/wp-json\/wp\/v2\/media?parent=1020"}],"curies":[{"name":"wp","href":"https:\/\/api.w.org\/{rel}","templated":true}]}}